{"id":22,"date":"2020-10-07T17:11:49","date_gmt":"2020-10-07T20:11:49","guid":{"rendered":"https:\/\/pematematica.com.br\/site\/?page_id=22"},"modified":"2021-09-22T16:19:20","modified_gmt":"2021-09-22T19:19:20","slug":"pesquisas","status":"publish","type":"page","link":"https:\/\/pematematica.com.br\/?page_id=22","title":{"rendered":"Pesquisas"},"content":{"rendered":"<h3>Lista dos Programas de P\u00f3s-Gradua\u00e7\u00e3o pesquisados e seus respectivos sites<\/h3>\n<p>Segue a Lista dos 24 Programas de Mestrado Profissional, da \u00e1rea de Ensino, avaliados com nota maior ou igual a tr\u00eas na \u00faltima avalia\u00e7\u00e3o quadrienal (2013-2016, divulgado em 2017), realizada pela Coordena\u00e7\u00e3o de Pessoal de N\u00edvel Superior (CAPES), de acordo com dados extra\u00eddos da plataforma Sucupira e que s\u00e3o objeto de estudos desta pesquisa:<\/p>\n<p>Programa de P\u00f3s-Gradua\u00e7\u00e3o em Ci\u00eancias e Tecnologias na Educa\u00e7\u00e3o \u2013 PPGCITDED do Instituto Federal de Educa\u00e7\u00e3o, Ci\u00eancia e Tecnologia Sul-rio-grandense \u2013 IFSUL <a href=\"http:\/\/ppgcited.cavg.ifsul.edu.br\/mestrado\/index.php\/dissertacoes-defendidas\" target=\"_blank\" rel=\"noopener noreferrer\">http:\/\/ppgcited.cavg.ifsul.edu.br\/mestrado\/index.php\/dissertacoes-defendidas<\/a><\/p>\n<p>Programa de P\u00f3s-Gradua\u00e7\u00e3o em Doc\u00eancia em Educa\u00e7\u00e3o em Ci\u00eancias e Matem\u00e1ticas da Universidade Federal do Par\u00e1 \u2013 UFPA <a href=\"http:\/\/ppgdoc.propesp.ufpa.br\/index.php\/br\/teses-e-dissertacoes\/dissertacoes\" target=\"_blank\" rel=\"noopener noreferrer\">http:\/\/ppgdoc.propesp.ufpa.br\/index.php\/br\/teses-e-dissertacoes\/dissertacoes\u00a0<\/a><\/p>\n<p>Programa de P\u00f3s-Gradua\u00e7\u00e3o em Educa\u00e7\u00e3o Cient\u00edfica e Matem\u00e1tica da Universidade Estadual de Mato Grosso do SUL \u2013 UEMS<a href=\"http:\/\/www.uems.br\/pos_graduacao\/detalhes\/educacao-cientifica-e-matematica-mestrado-profissional\/teses_dissertacoes\" target=\"_blank\" rel=\"noopener noreferrer\"> http:\/\/www.uems.br\/pos_graduacao\/detalhes\/educacao-cientifica-e-matematica-mestrado-profissional\/teses_dissertacoes<\/a><\/p>\n<p>Programa de P\u00f3s-Gradua\u00e7\u00e3o em Educa\u00e7\u00e3o em Ci\u00eancias e Matem\u00e1tica do Instituto Federal de Educa\u00e7\u00e3o, Ci\u00eancia e Tecnologia do Esp\u00edrito Santo \u2013 IFES <a href=\"https:\/\/educimat.cefor.ifes.edu.br\/index.php\/produtos-educacionais\" target=\"_blank\" rel=\"noopener noreferrer\">https:\/\/educimat.cefor.ifes.edu.br\/index.php\/produtos-educacionais<\/a><\/p>\n<p>Programa de P\u00f3s-Gradua\u00e7\u00e3o em Educa\u00e7\u00e3o Matem\u00e1tica da Universidade Federal de Juiz de Fora \u2013 UFJF <a href=\"https:\/\/www2.ufjf.br\/mestradoedumat\/publicacoes\/produtos-educacionais\/\" target=\"_blank\" rel=\"noopener noreferrer\">https:\/\/www2.ufjf.br\/mestradoedumat\/publicacoes\/produtos-educacionais\/<\/a><\/p>\n<p>Programa de P\u00f3s-Gradua\u00e7\u00e3o em Educa\u00e7\u00e3o para Ci\u00eancias e Matem\u00e1tica do Instituto Federal de Educa\u00e7\u00e3o, Ci\u00eancia e Tecnologia do Goi\u00e1s \u2013 IFG <a href=\"http:\/\/ifg.edu.br\/component\/content\/article?id=10717\" target=\"_blank\" rel=\"noopener noreferrer\">http:\/\/ifg.edu.br\/component\/content\/article?id=10717<\/a><\/p>\n<p>Programa de P\u00f3s-Gradua\u00e7\u00e3o em Ensino da Pontif\u00edcia Universidade Cat\u00f3lica de Minas Gerais \u2013 PUC\/MG <a href=\"http:\/\/portal.pucminas.br\/pos\/ensino\/index-padrao.php?pagina=5894&amp;_ga=2.164957174.838340179.1600211757-1787764997.1583858601\" target=\"_blank\" rel=\"noopener noreferrer\">http:\/\/portal.pucminas.br\/pos\/ensino\/index-padrao.php?pagina=5894&amp;_ga=2.164957174.838340179.1600211757-1787764997.1583858601<\/a><\/p>\n<p>Programa de P\u00f3s-Gradua\u00e7\u00e3o em Ensino de Ci\u00eancias e Matem\u00e1tica da Universidade Federal de Pelotas \u2013 UFPel <a href=\"https:\/\/wp.ufpel.edu.br\/ppgecm\/dissertacoes-e-produtos\/defesas-2013\/\" target=\"_blank\" rel=\"noopener noreferrer\">https:\/\/wp.ufpel.edu.br\/ppgecm\/dissertacoes-e-produtos\/defesas-2013\/<\/a><\/p>\n<p>Programa de P\u00f3s-Gradua\u00e7\u00e3o em Ensino de Ci\u00eancias e Matem\u00e1tica da Universidade Estadual da Para\u00edba \u2013 UEPB <a href=\"http:\/\/pos-graduacao.uepb.edu.br\/ppgecm\/produtos-educacionais\/\" target=\"_blank\" rel=\"noopener noreferrer\">http:\/\/pos-graduacao.uepb.edu.br\/ppgecm\/produtos-educacionais\/<\/a><\/p>\n<p>Programa de P\u00f3s-Gradua\u00e7\u00e3o em Ensino de Ci\u00eancias e Matem\u00e1tica da Universidade Federal do Cear\u00e1 \u2013 UFC <a href=\"http:\/\/www.ppgencima.ufc.br\/public_html\/index.php\/produtos-educacional\" target=\"_blank\" rel=\"noopener noreferrer\">http:\/\/www.ppgencima.ufc.br\/public_html\/index.php\/produtos-educacional<\/a><\/p>\n<p>Programa de P\u00f3s-Gradua\u00e7\u00e3o em Ensino de Ci\u00eancias e Matem\u00e1tica da Universidade de Caxias do Sul \u2013 UCS <a href=\"https:\/\/www.ucs.br\/site\/pos-graduacao\/formacao-stricto-sensu\/ensino-de-ciencias-e-matematica\/dissertacoes\/\" target=\"_blank\" rel=\"noopener noreferrer\">https:\/\/www.ucs.br\/site\/pos-graduacao\/formacao-stricto-sensu\/ensino-de-ciencias-e-matematica\/dissertacoes\/<\/a><\/p>\n<p>Programa de P\u00f3s-Gradua\u00e7\u00e3o em Ensino de Ci\u00eancias e Matem\u00e1tica da Universidade Federal de Alagoas \u2013 UFAL <a href=\"https:\/\/cedu.ufal.br\/pos-graduacao\/mestrado-em-ensino-de-ciencias-e-matematica\/documentos\/produtos-educacionais\" target=\"_blank\" rel=\"noopener noreferrer\">https:\/\/cedu.ufal.br\/pos-graduacao\/mestrado-em-ensino-de-ciencias-e-matematica\/documentos\/produtos-educacionais<\/a><\/p>\n<p>Programa de P\u00f3s-Gradua\u00e7\u00e3o em Ensino de Ci\u00eancias e Matem\u00e1tica da Universidade Federal de Uberl\u00e2ndia \u2013 UFU <a href=\"http:\/\/www.infis.ufu.br\/pgecm\/\" target=\"_blank\" rel=\"noopener noreferrer\">http:\/\/www.infis.ufu.br\/pgecm\/<\/a><\/p>\n<p>Programa de P\u00f3s-Gradua\u00e7\u00e3o em Ensino de Ci\u00eancias e Matem\u00e1tica da Funda\u00e7\u00e3o Universidade de Passo Fundo \u2013 UPF <a href=\"https:\/\/www.upf.br\/produtoseducacionais\/edicao-2019\" target=\"_blank\" rel=\"noopener noreferrer\">https:\/\/www.upf.br\/produtoseducacionais\/edicao-2019<\/a><\/p>\n<p>Programa de P\u00f3s-Gradua\u00e7\u00e3o em Ensino de Ci\u00eancias e Matem\u00e1tica da Universidade Federal do Acre \u2013 UFAC http:\/\/www2.ufac.br\/mpecim\/menu\/produtos-educacionais<\/p>\n<p>Programa de P\u00f3s-Gradua\u00e7\u00e3o em Ensino de Ci\u00eancias e Matem\u00e1tica do Instituto Federal de Educa\u00e7\u00e3o, Ci\u00eancia e Tecnologia de S\u00e3o Paulo \u2013 IFSP <a href=\"https:\/\/spo.ifsp.edu.br\/menu\/68-menu-principal-pos-graduacao\/765-producoes-mestradoensino\" target=\"_blank\" rel=\"noopener noreferrer\">https:\/\/spo.ifsp.edu.br\/menu\/68-menu-principal-pos-graduacao\/765-producoes-mestradoensino<\/a><\/p>\n<p>Programa de P\u00f3s-Gradua\u00e7\u00e3o em Ensino de Ci\u00eancias Exatas da Funda\u00e7\u00e3o Vale do Taquari de Educa\u00e7\u00e3o e Desenvolvimento Social \u2013 FUVATES <a href=\"https:\/\/www.univates.br\/ppgece\/producoes\/producao-tecnica\" target=\"_blank\" rel=\"noopener noreferrer\">https:\/\/www.univates.br\/ppgece\/producoes\/producao-tecnica<\/a><\/p>\n<p>Programa de P\u00f3s-Gradua\u00e7\u00e3o em Ensino de Ci\u00eancias Naturais e Matem\u00e1tica da Universidade Federal do Rio Grande do Norte \u2013 UFRN <a href=\"https:\/\/sigaa.ufrn.br\/sigaa\/public\/programa\/secao_extra.jsf?lc=pt_BR&amp;id=134&amp;extra=1288803860\" target=\"_blank\" rel=\"noopener noreferrer\">https:\/\/sigaa.ufrn.br\/sigaa\/public\/programa\/secao_extra.jsf?lc=pt_BR&amp;id=134&amp;extra=1288803860<\/a><\/p>\n<p>Programa de P\u00f3s-Gradua\u00e7\u00e3o em Ensino de Ci\u00eancias Naturais e Matem\u00e1tica da Universidade Estadual do Centro-Oeste \u2013 UNICENTRO <a href=\"https:\/\/www3.unicentro.br\/ppgen\/dissertacoes\/#1495456837488-5cd4da22-db27\" target=\"_blank\" rel=\"noopener noreferrer\">https:\/\/www3.unicentro.br\/ppgen\/dissertacoes\/#1495456837488-5cd4da22-db27<\/a><\/p>\n<p>Programa de P\u00f3s-Gradua\u00e7\u00e3o em Ensino de Matem\u00e1tica da Universidade Federal do Rio Grande do Sul \u2013 UFRGS <a href=\"http:\/\/www.ufrgs.br\/ppgemat\/publicacoes\/produtos-didaticos\" target=\"_blank\" rel=\"noopener noreferrer\">http:\/\/www.ufrgs.br\/ppgemat\/publicacoes\/produtos-didaticos<\/a><\/p>\n<p>Programa de P\u00f3s-Gradua\u00e7\u00e3o em Ensino de Matem\u00e1tica da Universidade Tecnol\u00f3gica Federal do Paran\u00e1 \u2013 UTFPR <a href=\"http:\/\/portal.utfpr.edu.br\/cursos\/coordenacoes\/stricto-sensu\/ppg-mat\/area-academica\/produtos-educacionais\" target=\"_blank\" rel=\"noopener noreferrer\">http:\/\/portal.utfpr.edu.br\/cursos\/coordenacoes\/stricto-sensu\/ppg-mat\/area-academica\/produtos-educacionais<\/a><\/p>\n<p>Programa de P\u00f3s-Gradua\u00e7\u00e3o em Forma\u00e7\u00e3o Cient\u00edfica, Educacional e Tecnol\u00f3gica da Universidade Tecnol\u00f3gica Federal do Paran\u00e1 \u2013 UTFPR <a href=\"http:\/\/repositorio.utfpr.edu.br\/jspui\/handle\/1\/2105\" target=\"_blank\" rel=\"noopener noreferrer\">http:\/\/repositorio.utfpr.edu.br\/jspui\/handle\/1\/2105<\/a><\/p>\n<p>Programa de P\u00f3s-Gradua\u00e7\u00e3o em Pr\u00e1ticas de Educa\u00e7\u00e3o B\u00e1sica do Col\u00e9gio Pedro II <a href=\"http:\/\/www.cp2.g12.br\/blog\/mpcp2\/produtos-educacionais\" target=\"_blank\" rel=\"noopener noreferrer\">http:\/\/www.cp2.g12.br\/blog\/mpcp2\/produtos-educacionais<\/a><\/p>\n<p>Programa de P\u00f3s-Gradua\u00e7\u00e3o em Ensino de Ci\u00eancias da Universidade Estadual de Roraima \u2013 UERR <a href=\"https:\/\/www.uerr.edu.br\/ppgec\/\" target=\"_blank\" rel=\"noopener noreferrer\">https:\/\/www.uerr.edu.br\/ppgec\/<\/a><\/p>\n<p>*Sites para consulta<br \/>\nSegue Lista de sites\/portais importantes para poss\u00edveis consultas:<br \/>\nPortal da CAPES:<a href=\"https:\/\/www.gov.br\/capes\/pt-br\" target=\"_blank\" rel=\"noopener noreferrer\"> https:\/\/www.gov.br\/capes\/pt-br<\/a><br \/>\nPortal da Plataforma Sucupira:<a href=\"https:\/\/sucupira.capes.gov.br\/sucupira\/\" target=\"_blank\" rel=\"noopener noreferrer\"> https:\/\/sucupira.capes.gov.br\/sucupira\/<\/a><br \/>\nPortal do Programa de P\u00f3s-Gradua\u00e7\u00e3o em Ensino de Ci\u00eancias Naturais e Matem\u00e1tica da Universidade Federal do Rio Grande do Norte \u2013 PPGECNM\/UFRN (Mestrado Profissional) <a href=\"https:\/\/sigaa.ufrn.br\/sigaa\/public\/programa\/portal.jsf?id=134\" target=\"_blank\" rel=\"noopener noreferrer\">https:\/\/sigaa.ufrn.br\/sigaa\/public\/programa\/portal.jsf?id=134<\/a><br \/>\nPortal do Programa de P\u00f3s-Gradua\u00e7\u00e3o em Ensino de Ci\u00eancias e Matem\u00e1tica da Universidade Federal do Rio Grande do Norte \u2013 PPECM\/UFRN (Mestrado e Doutorado acad\u00eamicos) <a href=\"https:\/\/sigaa.ufrn.br\/sigaa\/public\/programa\/portal.jsf?id=9111\" target=\"_blank\" rel=\"noopener noreferrer\">https:\/\/sigaa.ufrn.br\/sigaa\/public\/programa\/portal.jsf?id=9111<\/a><\/p>\n","protected":false},"excerpt":{"rendered":"<p>Lista dos Programas de P\u00f3s-Gradua\u00e7\u00e3o pesquisados e seus respectivos sites Segue a Lista dos 24 Programas de Mestrado Profissional, da \u00e1rea de Ensino, avaliados com nota maior ou igual a tr\u00eas na \u00faltima avalia\u00e7\u00e3o quadrienal (2013-2016, divulgado em 2017), realizada pela Coordena\u00e7\u00e3o de Pessoal de N\u00edvel Superior (CAPES), de acordo com dados extra\u00eddos da plataforma [&hellip;]<\/p>\n","protected":false},"author":1,"featured_media":0,"parent":0,"menu_order":2,"comment_status":"closed","ping_status":"closed","template":"","meta":[],"acf":[],"_links":{"self":[{"href":"https:\/\/pematematica.com.br\/index.php?rest_route=\/wp\/v2\/pages\/22"}],"collection":[{"href":"https:\/\/pematematica.com.br\/index.php?rest_route=\/wp\/v2\/pages"}],"about":[{"href":"https:\/\/pematematica.com.br\/index.php?rest_route=\/wp\/v2\/types\/page"}],"author":[{"embeddable":true,"href":"https:\/\/pematematica.com.br\/index.php?rest_route=\/wp\/v2\/users\/1"}],"replies":[{"embeddable":true,"href":"https:\/\/pematematica.com.br\/index.php?rest_route=%2Fwp%2Fv2%2Fcomments&post=22"}],"version-history":[{"count":8,"href":"https:\/\/pematematica.com.br\/index.php?rest_route=\/wp\/v2\/pages\/22\/revisions"}],"predecessor-version":[{"id":88,"href":"https:\/\/pematematica.com.br\/index.php?rest_route=\/wp\/v2\/pages\/22\/revisions\/88"}],"wp:attachment":[{"href":"https:\/\/pematematica.com.br\/index.php?rest_route=%2Fwp%2Fv2%2Fmedia&parent=22"}],"curies":[{"name":"wp","href":"https:\/\/api.w.org\/{rel}","templated":true}]}}